{"id":740,"date":"2020-05-14T01:49:01","date_gmt":"2020-05-14T01:49:01","guid":{"rendered":"https:\/\/ext-us.intraworlds.com\/alumni_new\/cookie-policy\/"},"modified":"2024-06-14T04:09:13","modified_gmt":"2024-06-14T02:09:13","slug":"privacypolicy","status":"publish","type":"page","link":"https:\/\/dbmove.platform.db.com\/login\/privacypolicy\/","title":{"rendered":"Privacy Policy"},"content":{"rendered":"<p>[et_pb_section fb_built=&#8221;1&#8243; module_class=&#8221;iw-section-text&#8221; _builder_version=&#8221;4.18.0&#8243; _module_preset=&#8221;default&#8221; global_colors_info=&#8221;{}&#8221;][et_pb_row _builder_version=&#8221;4.16&#8243; _module_preset=&#8221;default&#8221; global_colors_info=&#8221;{}&#8221;][et_pb_column type=&#8221;4_4&#8243; _builder_version=&#8221;4.16&#8243; _module_preset=&#8221;default&#8221; global_colors_info=&#8221;{}&#8221;][et_pb_text _builder_version=&#8221;4.24.2&#8243; _module_preset=&#8221;default&#8221; text_font=&#8221;Georgia||||||||&#8221; min_height=&#8221;100vh&#8221; global_colors_info=&#8221;{}&#8221;]<\/p>\n<p>&nbsp;<\/p>\n<p>&nbsp;<\/p>\n<h1>Datenschutzhinweise gem\u00e4\u00df EU-Datenschutzgrundverordnung f\u00fcr die Kandidatenplattform dbMove<\/h1>\n<p>Stand: M\u00e4rz 2024<\/p>\n<p>&nbsp;<\/p>\n<p>&nbsp;<\/p>\n<p>Die Bank als verantwortliche Stelle im Rahmen der EU-Datenschutzgrundverordnung (DSGVO) erhebt und verarbeitet Ihre personenbezogenen Daten sowie weitere Informationen \u00fcber Sie, sofern Sie die Kandidatenplattform dbMove nutzen. Mit den nachfolgenden Informationen geben wir Ihnen einen \u00dcberblick \u00fcber die Verarbeitung Ihrer personenbezogenen Daten durch uns und Ihre Rechte bezogen auf den Datenschutz.<\/p>\n<p>&nbsp;<\/p>\n<p>&nbsp;<\/p>\n<h1>1.\u00a0\u00a0\u00a0\u00a0 Wer ist f\u00fcr die Datenverarbeitung verantwortlich und wen k\u00f6nnen Sie bez\u00fcglich Fragen zur Erhebung, Verarbeitung und\/oder Nutzung Ihrer personenbezogenen Daten kontaktieren?<\/h1>\n<p>Verantwortliche Stelle ist:<\/p>\n<p>Deutsche Bank AG<\/p>\n<p>Taunusanlage 12<\/p>\n<p>60325 Frankfurt am Main<\/p>\n<p>Telefon: +49 30 6676 000<\/p>\n<p>E-Mail-Adresse: hr.direct@db.com<\/p>\n<p>&nbsp;<\/p>\n<p>Sie erreichen unseren betrieblichen Datenschutzbeauftragten unter den oben angegebenen Kontaktdaten.<\/p>\n<p>&nbsp;<\/p>\n<h1>2.\u00a0\u00a0\u00a0\u00a0 Welche Angaben sind bei der Kandidatenplattform dbMove n\u00f6tig und welche Daten nutzen wir?<\/h1>\n<p>F\u00fcr eine erfolgreiche Registrierung und Nutzung der Kandidatenplattform dbMove ist die Bereitstellung von personenbezogenen Daten erforderlich. Ohne diese Daten sind wir nicht in der Lage mit Ihnen in Kontakt zu treten und unsere Angebote auf Ihre Bed\u00fcrfnisse anzupassen. Davon sind Angaben wie z.B. Vor- und Nachname, E-Mail-Adresse, Telefonnummer und private Adresse, Angaben zum Studienabschluss sowie der beruflichen Erfahrung, berufliche Interessen, gew\u00fcnschter Bereich \/ gew\u00fcnschte Zielposition, Sprachkenntnisse, Reise- sowie Umzugsbereitschaft und wie Sie auf uns aufmerksam geworden sind, betroffen. Zur optimalen Nutzung der Kandidatenplattform dbMove ist eine regelm\u00e4\u00dfige Aktualisierung Ihrer (weiteren) Daten empfehlenswert.<\/p>\n<p>Welche zus\u00e4tzlichen Daten k\u00f6nnen erhoben werden?<\/p>\n<p>In der Kandidatenplattform dbMove haben Sie die M\u00f6glichkeit Ihre Profildaten u.a. mit folgenden Angaben zu erg\u00e4nzen: Zus\u00e4tzliche Bildungsabschl\u00fcsse, weitere Berufserfahrungen, F\u00e4higkeiten und Interessensgebiete sowie Ihrem Geburtsdatum. Optional k\u00f6nnen Sie ein Profilfoto sowie einen Lebenslauf hochladen.<\/p>\n<p>Beim Besuch der Kandidatenplattform dbMove werden technische Daten (z.B. Internetbrowser, Betriebssystem oder Uhrzeit des Seitenaufrufs) erfasst. Es werden essentielle (technisch notwendige) Cookies verwendet sowie \u201eSession Cookies\u201c, die beim Schlie\u00dfen Ihres Browsers gel\u00f6scht werden. Die Erfassung dieser Daten erfolgt automatisch, sobald Sie unsere Website betreten. Tracking Cookies werden nicht verwendet.<\/p>\n<p>&nbsp;<\/p>\n<p>&nbsp;<\/p>\n<h1>3.\u00a0\u00a0\u00a0\u00a0 Wer erh\u00e4lt Zugriff auf Ihre Daten?<\/h1>\n<p>Die innerhalb des Deutsche Bank Konzerns Verantwortlichen der Kandidatenplattform dbMove k\u00f6nnen jederzeit auf die Gesamtheit der Daten zugreifen. Grunds\u00e4tzlich erhalten nur diejenigen Stellen und Personen Zugriff auf Ihre Daten, die im Rahmen des Deutsche Bank eingebunden sind.<\/p>\n<p>Die Deutsche Bank AG hat einen externen Dienstleister damit beauftragt, die Kandidatenplattform dbMove zur Verf\u00fcgung zu stellen und technisch zu betreiben. Alle Informationen werden in einer sicheren Betriebsumgebung gespeichert. Dieser Bereich ist f\u00fcr die \u00d6ffentlichkeit nicht zug\u00e4nglich. Bei dem Dienstleister handelt es sich um die Firma PeoplePath GmbH, Erika-Mann-Stra\u00dfe 7, D-80636 M\u00fcnchen, <a href=\"https:\/\/www.peoplepath.com\/de\/\">https:\/\/www.peoplepath.com\/de\/<\/a>, mit der die Bank einen Vertrag geschlossen hat und die datenschutzrechtlichen Anforderungen schriftlich vereinbart hat.<\/p>\n<p>&nbsp;<\/p>\n<p>&nbsp;<\/p>\n<p>&nbsp;<\/p>\n<h1>4.\u00a0\u00a0\u00a0\u00a0 Wof\u00fcr verarbeiten wir Ihre Daten und welchen Zweck verfolgt die Kandidatenplattform dbMove?<\/h1>\n<p>Wir verarbeiten die vorab genannten personenbezogenen Daten im Einklang mit den Bestimmungen der EU-Datenschutz-Grundverordnung (DSGVO) und dem Bundesdatenschutzgesetz (BDSG): Aufgrund Ihrer Einwilligung (Artikel 6 Abs. 1 a DSGVO).<\/p>\n<p>Zweck der Kandidatenplattform dbMove ist die Beziehungspflege mit Deutsche Bank Mitarbeitenden sowie berufserfahrenen Interessenten, die an einer T\u00e4tigkeit im Deutsche Bank Konzern interessiert sind. Die Verantwortlichen der Kandidatenplattform dbMove k\u00f6nnen Sie, als registrierte*r Nutzer*in, ggf. direkt kontaktieren, um Sie \u00fcber m\u00f6gliche Stellenangebote\/ Themengebiete zu informieren und dazu in den Austausch zu gehen. Des Weiteren k\u00f6nnen Sie sich f\u00fcr Veranstaltungen anmelden. Die Verarbeitung Ihrer personenbezogenen Daten dient dazu Sie z.B. \u00fcber Stellenausschreibungen, Veranstaltungen und aktuellen Informationen, den Deutsche Bank Konzern betreffend, zu informieren. Zu Evaluierungszwecken werten wir Ihre Log-Daten hinsichtlich Portalfunktionalit\u00e4ten statistisch aus.<\/p>\n<p>&nbsp;<\/p>\n<p>&nbsp;<\/p>\n<h1>5.\u00a0\u00a0\u00a0\u00a0 Kontaktaufnahme:<\/h1>\n<h1>\u00a0<\/h1>\n<p>Als Nutzer*in der Kandidatenplattform dbMove haben Sie die M\u00f6glichkeit Ihr Profil anzulegen, sodass wir Sie ggf. auf m\u00f6gliche ausgeschriebene Rollen hinweisen k\u00f6nnen. \u00dcber die Kandidatenplattform dbMove versorgen wir Sie auch per E-Mail mit aktuellen Informationen und individuellen Angeboten (z.B. zu Veranstaltungen und Stellenangeboten). Diese Einstellungen k\u00f6nnen Sie als registrierte*r Nutzer*in in Ihrem Profil bei Bedarf \u00e4ndern und abbestellen.<\/p>\n<p>&nbsp;<\/p>\n<p>&nbsp;<\/p>\n<h1>6.\u00a0\u00a0\u00a0\u00a0 Findet Profiling statt?<\/h1>\n<p>Nein.<\/p>\n<p>&nbsp;<\/p>\n<p>&nbsp;<\/p>\n<h1>7.\u00a0\u00a0\u00a0\u00a0 Wie lange werden Ihre Daten gespeichert?<\/h1>\n<p>Wir l\u00f6schen Ihre personenbezogenen Daten, sobald sie f\u00fcr die genannten Zwecke nicht mehr erforderlich sind oder Sie uns mit der L\u00f6schung der Daten beauftragen. Als Nutzer*in k\u00f6nnen Sie Ihr Profil und Ihren Account auch selbst in Ihren Profileinstellungen l\u00f6schen und somit von Ihrem Recht auf L\u00f6schung Gebrauch machen. Ansonsten erhalten Sie nach 24 Monaten Nichtnutzung des Portals den Hinweis, dass bei einer weiteren Nichtnutzung Ihr Profil automatisch nach 8 Wochen gel\u00f6scht wird.<\/p>\n<p>Dies gilt auch f\u00fcr Deutsche Bank Mitarbeiter*innen.<\/p>\n<p>&nbsp;<\/p>\n<p>&nbsp;<\/p>\n<h1>8.\u00a0\u00a0\u00a0\u00a0 Welche Datenschutzrechte haben Sie?<\/h1>\n<p>Jede betroffene Person hat das Recht auf Auskunft nach Artikel 15 DSGVO, das Recht auf Berichtigung nach Artikel 16 DSGVO, das Recht auf L\u00f6schung nach Artikel 17 DSGVO, das Recht auf Einschr\u00e4nkung der Verarbeitung nach Artikel 18 DSGVO, das Recht auf Widerspruch aus Artikel 21 DSGVO sowie das Recht auf Daten\u00fcbertragbarkeit aus Artikel 20 DSGVO. Beim Auskunftsrecht und beim L\u00f6schungsrecht gelten die Einschr\u00e4nkungen nach \u00a7\u00a7 34 und 35 BDSG. Dar\u00fcber hinaus besteht ein Beschwerderecht bei einer Datenschutzaufsichtsbeh\u00f6rde (Artikel 77 DSGVO i. V. m \u00a7 19 BDSG).<\/p>\n<p>&nbsp;<\/p>\n<p>Der Hessische Beauftragte f\u00fcr Datenschutz und Informationsfreiheit<\/p>\n<p>vertreten durch:<\/p>\n<p>Prof. Dr. Alexander Ro\u00dfnagel<\/p>\n<p>Gustav-Stresemann-Ring 1<\/p>\n<p>65189 Wiesbaden<\/p>\n<p>&nbsp;<\/p>\n<p>Telefon: 0611-1408 0<\/p>\n<p>E-Mail: poststelle@datenschutz.hessen.de<\/p>\n<p>Eine erteilte Einwilligung in die Verarbeitung personenbezogener Daten k\u00f6nnen Sie jederzeit uns gegen\u00fcber widerrufen. Dies gilt auch f\u00fcr den Widerruf von Einwilligungserkl\u00e4rungen, die vor der Geltung der EU-Datenschutz-Grundverordnung, also vor dem 25. Mai 2018, uns gegen\u00fcber erteilt worden sind. Bitte beachten Sie, dass der Widerruf erst f\u00fcr die Zukunft wirkt. Verarbeitungen, die vor dem Widerruf erfolgt sind, sind davon nicht betroffen.<\/p>\n<p>Zur Begr\u00fcndung und Durchf\u00fchrung der Kontaktpflege nutzen wir grunds\u00e4tzlich keine vollautomatisierte Entscheidungs\ufb01ndung gem\u00e4\u00df Artikel 22 DSGVO. Sollten wir diese Verfahren in Einzelf\u00e4llen einsetzen, werden wir Sie hier\u00fcber gesondert informieren, sofern dies gesetzlich vorgegeben ist.<\/p>\n<p>Unter den in Punkt 1 angegebenen Kontaktdaten k\u00f6nnen Sie uns erreichen und Auskunft \u00fcber die zu Ihrer Person gespeicherten Daten verlangen.<\/p>\n<p><strong>Information \u00fcber Ihr Widerspruchsrecht nach Artikel 21 EU-Datenschutz-Grundverordnung (DSGVO) Einzelfallbezogenes Widerspruchsrecht<\/strong><\/p>\n<p>Sie haben das Recht, aus Gr\u00fcnden, die sich aus Ihrer besonderen Situation ergeben, jederzeit gegen die Verarbeitung Sie betreffender personenbezogener Daten, die aufgrund von Artikel 6 Abs. 1 e DSGVO<\/p>\n<p>(Datenverarbeitung im \u00f6ffentlichen Interesse) und Artikel 6 Abs. 1 f DSGVO (Datenverarbeitung auf der Grundlage einer Interessenabw\u00e4gung) erfolgt, Widerspruch einzulegen: Dies gilt auch f\u00fcr ein auf diese Bestimmung gest\u00fctztes Pro\ufb01ling im Sinne von Artikel 4 Abs. 4 DSGVO.<\/p>\n<p>Legen Sie Widerspruch ein, werden wir Ihre personenbezogenen Daten nicht mehr verarbeiten, es sei denn, wir k\u00f6nnen zwingende schutzw\u00fcrdige Gr\u00fcnde f\u00fcr die Verarbeitung nachweisen, die Ihre Interessen, Rechte und Freiheiten \u00fcberwiegen, oder die Verarbeitung dient der Geltendmachung, Aus\u00fcbung oder Verteidigung von Rechtsanspr\u00fcchen.<\/p>\n<p>[\/et_pb_text][\/et_pb_column][\/et_pb_row][\/et_pb_section]<\/p>\n","protected":false},"excerpt":{"rendered":"<p>&nbsp; &nbsp; Datenschutzhinweise gem\u00e4\u00df EU-Datenschutzgrundverordnung f\u00fcr die Kandidatenplattform dbMove Stand: M\u00e4rz 2024 &nbsp; &nbsp; Die Bank als verantwortliche Stelle im Rahmen der EU-Datenschutzgrundverordnung (DSGVO) erhebt und verarbeitet Ihre personenbezogenen Daten sowie weitere Informationen \u00fcber Sie, sofern Sie die Kandidatenplattform dbMove nutzen. Mit den nachfolgenden Informationen geben wir Ihnen einen \u00dcberblick \u00fcber die Verarbeitung Ihrer personenbezogenen [&hellip;]<\/p>\n","protected":false},"author":2,"featured_media":0,"parent":0,"menu_order":0,"comment_status":"closed","ping_status":"closed","template":"","meta":{"_et_pb_use_builder":"on","_et_pb_old_content":"This site uses cookies - small text files that are placed on your machine to help the site provide a better user experience. In general, cookies are used to retain user preferences, store information for things like shopping carts, and provide anonymised tracking data to third party applications like Google Analytics. As a rule, cookies will make your browsing experience better. However, you may prefer to disable cookies on this site and on others. The most effective way to do this is to disable cookies in your browser. We suggest consulting the Help section of your browser or taking a look at <a href=\"http:\/\/www.aboutcookies.org\">the About Cookies website<\/a> which offers guidance for all modern browsers","_et_gb_content_width":"1080","inline_featured_image":false,"footnotes":""},"class_list":["post-740","page","type-page","status-publish","hentry"],"yoast_head":"<!-- This site is optimized with the Yoast SEO plugin v27.6 - https:\/\/yoast.com\/product\/yoast-seo-wordpress\/ -->\n<title>Privacy Policy - Deutsche Bank - dbMove<\/title>\n<meta name=\"robots\" content=\"noindex, follow\" \/>\n<meta property=\"og:locale\" content=\"en_US\" \/>\n<meta property=\"og:type\" content=\"article\" \/>\n<meta property=\"og:title\" content=\"Privacy Policy - Deutsche Bank - dbMove\" \/>\n<meta property=\"og:description\" content=\"&nbsp; &nbsp; Datenschutzhinweise gem\u00e4\u00df EU-Datenschutzgrundverordnung f\u00fcr die Kandidatenplattform dbMove Stand: M\u00e4rz 2024 &nbsp; &nbsp; Die Bank als verantwortliche Stelle im Rahmen der EU-Datenschutzgrundverordnung (DSGVO) erhebt und verarbeitet Ihre personenbezogenen Daten sowie weitere Informationen \u00fcber Sie, sofern Sie die Kandidatenplattform dbMove nutzen. Mit den nachfolgenden Informationen geben wir Ihnen einen \u00dcberblick \u00fcber die Verarbeitung Ihrer personenbezogenen [&hellip;]\" \/>\n<meta property=\"og:url\" content=\"https:\/\/dbmove.platform.db.com\/login\/privacypolicy\/\" \/>\n<meta property=\"og:site_name\" content=\"Deutsche Bank - dbMove\" \/>\n<meta property=\"article:modified_time\" content=\"2024-06-14T02:09:13+00:00\" \/>\n<meta name=\"twitter:card\" content=\"summary_large_image\" \/>\n<meta name=\"twitter:label1\" content=\"Est. reading time\" \/>\n\t<meta name=\"twitter:data1\" content=\"1 minute\" \/>\n<script type=\"application\/ld+json\" class=\"yoast-schema-graph\">{\"@context\":\"https:\\\/\\\/schema.org\",\"@graph\":[{\"@type\":\"WebPage\",\"@id\":\"https:\\\/\\\/dbmove.platform.db.com\\\/login\\\/privacypolicy\\\/\",\"url\":\"https:\\\/\\\/dbmove.platform.db.com\\\/login\\\/privacypolicy\\\/\",\"name\":\"Privacy Policy - Deutsche Bank - dbMove\",\"isPartOf\":{\"@id\":\"https:\\\/\\\/dbmove.platform.db.com\\\/login\\\/#website\"},\"datePublished\":\"2020-05-14T01:49:01+00:00\",\"dateModified\":\"2024-06-14T02:09:13+00:00\",\"breadcrumb\":{\"@id\":\"https:\\\/\\\/dbmove.platform.db.com\\\/login\\\/privacypolicy\\\/#breadcrumb\"},\"inLanguage\":\"en-US\",\"potentialAction\":[{\"@type\":\"ReadAction\",\"target\":[\"https:\\\/\\\/dbmove.platform.db.com\\\/login\\\/privacypolicy\\\/\"]}]},{\"@type\":\"BreadcrumbList\",\"@id\":\"https:\\\/\\\/dbmove.platform.db.com\\\/login\\\/privacypolicy\\\/#breadcrumb\",\"itemListElement\":[{\"@type\":\"ListItem\",\"position\":1,\"name\":\"Home\",\"item\":\"https:\\\/\\\/dbmove.platform.db.com\\\/login\\\/\"},{\"@type\":\"ListItem\",\"position\":2,\"name\":\"Privacy Policy\"}]},{\"@type\":\"WebSite\",\"@id\":\"https:\\\/\\\/dbmove.platform.db.com\\\/login\\\/#website\",\"url\":\"https:\\\/\\\/dbmove.platform.db.com\\\/login\\\/\",\"name\":\"Deutsche Bank - dbMove\",\"description\":\"\",\"potentialAction\":[{\"@type\":\"SearchAction\",\"target\":{\"@type\":\"EntryPoint\",\"urlTemplate\":\"https:\\\/\\\/dbmove.platform.db.com\\\/login\\\/?s={search_term_string}\"},\"query-input\":{\"@type\":\"PropertyValueSpecification\",\"valueRequired\":true,\"valueName\":\"search_term_string\"}}],\"inLanguage\":\"en-US\"}]}<\/script>\n<!-- \/ Yoast SEO plugin. -->","yoast_head_json":{"title":"Privacy Policy - Deutsche Bank - dbMove","robots":{"index":"noindex","follow":"follow"},"og_locale":"en_US","og_type":"article","og_title":"Privacy Policy - Deutsche Bank - dbMove","og_description":"&nbsp; &nbsp; Datenschutzhinweise gem\u00e4\u00df EU-Datenschutzgrundverordnung f\u00fcr die Kandidatenplattform dbMove Stand: M\u00e4rz 2024 &nbsp; &nbsp; Die Bank als verantwortliche Stelle im Rahmen der EU-Datenschutzgrundverordnung (DSGVO) erhebt und verarbeitet Ihre personenbezogenen Daten sowie weitere Informationen \u00fcber Sie, sofern Sie die Kandidatenplattform dbMove nutzen. Mit den nachfolgenden Informationen geben wir Ihnen einen \u00dcberblick \u00fcber die Verarbeitung Ihrer personenbezogenen [&hellip;]","og_url":"https:\/\/dbmove.platform.db.com\/login\/privacypolicy\/","og_site_name":"Deutsche Bank - dbMove","article_modified_time":"2024-06-14T02:09:13+00:00","twitter_card":"summary_large_image","twitter_misc":{"Est. reading time":"1 minute"},"schema":{"@context":"https:\/\/schema.org","@graph":[{"@type":"WebPage","@id":"https:\/\/dbmove.platform.db.com\/login\/privacypolicy\/","url":"https:\/\/dbmove.platform.db.com\/login\/privacypolicy\/","name":"Privacy Policy - Deutsche Bank - dbMove","isPartOf":{"@id":"https:\/\/dbmove.platform.db.com\/login\/#website"},"datePublished":"2020-05-14T01:49:01+00:00","dateModified":"2024-06-14T02:09:13+00:00","breadcrumb":{"@id":"https:\/\/dbmove.platform.db.com\/login\/privacypolicy\/#breadcrumb"},"inLanguage":"en-US","potentialAction":[{"@type":"ReadAction","target":["https:\/\/dbmove.platform.db.com\/login\/privacypolicy\/"]}]},{"@type":"BreadcrumbList","@id":"https:\/\/dbmove.platform.db.com\/login\/privacypolicy\/#breadcrumb","itemListElement":[{"@type":"ListItem","position":1,"name":"Home","item":"https:\/\/dbmove.platform.db.com\/login\/"},{"@type":"ListItem","position":2,"name":"Privacy Policy"}]},{"@type":"WebSite","@id":"https:\/\/dbmove.platform.db.com\/login\/#website","url":"https:\/\/dbmove.platform.db.com\/login\/","name":"Deutsche Bank - dbMove","description":"","potentialAction":[{"@type":"SearchAction","target":{"@type":"EntryPoint","urlTemplate":"https:\/\/dbmove.platform.db.com\/login\/?s={search_term_string}"},"query-input":{"@type":"PropertyValueSpecification","valueRequired":true,"valueName":"search_term_string"}}],"inLanguage":"en-US"}]}},"_links":{"self":[{"href":"https:\/\/dbmove.platform.db.com\/login\/wp-json\/wp\/v2\/pages\/740","targetHints":{"allow":["GET"]}}],"collection":[{"href":"https:\/\/dbmove.platform.db.com\/login\/wp-json\/wp\/v2\/pages"}],"about":[{"href":"https:\/\/dbmove.platform.db.com\/login\/wp-json\/wp\/v2\/types\/page"}],"author":[{"embeddable":true,"href":"https:\/\/dbmove.platform.db.com\/login\/wp-json\/wp\/v2\/users\/2"}],"replies":[{"embeddable":true,"href":"https:\/\/dbmove.platform.db.com\/login\/wp-json\/wp\/v2\/comments?post=740"}],"version-history":[{"count":11,"href":"https:\/\/dbmove.platform.db.com\/login\/wp-json\/wp\/v2\/pages\/740\/revisions"}],"predecessor-version":[{"id":1701,"href":"https:\/\/dbmove.platform.db.com\/login\/wp-json\/wp\/v2\/pages\/740\/revisions\/1701"}],"wp:attachment":[{"href":"https:\/\/dbmove.platform.db.com\/login\/wp-json\/wp\/v2\/media?parent=740"}],"curies":[{"name":"wp","href":"https:\/\/api.w.org\/{rel}","templated":true}]}}