{"id":1531,"date":"2022-09-21T12:41:33","date_gmt":"2022-09-21T10:41:33","guid":{"rendered":"https:\/\/wp-eu.intraworlds.com\/dbpro\/login\/?page_id=1531"},"modified":"2024-06-14T04:09:57","modified_gmt":"2024-06-14T02:09:57","slug":"imprint","status":"publish","type":"page","link":"https:\/\/dbmove.platform.db.com\/login\/imprint\/","title":{"rendered":"Imprint"},"content":{"rendered":"<p>[et_pb_section fb_built=&#8221;1&#8243; module_class=&#8221;iw-section-text&#8221; _builder_version=&#8221;4.18.0&#8243; _module_preset=&#8221;default&#8221; global_colors_info=&#8221;{}&#8221;][et_pb_row _builder_version=&#8221;4.16&#8243; _module_preset=&#8221;default&#8221; global_colors_info=&#8221;{}&#8221;][et_pb_column type=&#8221;4_4&#8243; _builder_version=&#8221;4.16&#8243; _module_preset=&#8221;default&#8221; global_colors_info=&#8221;{}&#8221;][et_pb_text _builder_version=&#8221;4.21.0&#8243; _module_preset=&#8221;default&#8221; text_font=&#8221;Georgia||||||||&#8221; min_height=&#8221;100vh&#8221; global_colors_info=&#8221;{}&#8221;]<\/p>\n<section class=\"cms-container cnt-page-headline id-6b12b0ee-ed45-4b31-9926-4e29f901a4b8\" data-wt-area=\"content\">\n<section class=\"mod-page-headline id-d0d55174-6a93-4820-99f4-c01ac90d13f3\">\n<h1>Impressum<\/h1>\n<\/section>\n<\/section>\n<section class=\"cms-container cnt-generic id-8bdbc07e-a664-45fc-8976-062820f32b77\" data-wt-area=\"content\">\n<section id=\"id-dc2f4fc5-faf1-49ed-9e6b-c389b53a081c\" class=\"mod-text-box box-design type-default mobile-background-color-default\">\n<div class=\"wrapper custom-text-width-100 custom-text-position-left\">\n<div class=\"content-wrapper\">\n<div class=\"content\">\n<div class=\"text rich-text\" data-module=\"RichTextContent\" data-aria-live-text=\"Die n\u00e4chste Tabellenspalte wurde in den sichtbaren Bereich gescrollt. Benutzer von Bildschirmleseprogrammen k\u00f6nnen Standardtabellen-Navigationstechniken zum Navigieren in der gesamten Tabelle verwenden.\">\n<div aria-live=\"assertive\">\u00a0<\/div>\n<p>Die Deutsche Bank AG ist eine Aktiengesellschaft deutschen Rechts mit Hauptsitz in Frankfurt am Main. Sie ist im Handelsregister des Amtsgerichts Frankfurt am Main unter der Nummer HRB 30 000 eingetragen und zur Erbringung von Bankgesch\u00e4ften und Finanzdienstleistungen zugelassen. Aufsichtsbeh\u00f6rden:\u00a0<a class=\"link-disclaimer wt-enabled\" title=\"Europ\u00e4ische Zentralbank (EZB) \u2013 \u00f6ffnet in neuem Fenster\" href=\"https:\/\/www.ecb.europa.eu\/home\/languagepolicy\/html\/index.de.html\" target=\"_blank\" rel=\"noopener\">Europ\u00e4ische Zentralbank<\/a>\u00a0(EZB), Sonnemannstra\u00dfe 22, 60314 Frankfurt am Main und\u00a0<a class=\"link-disclaimer wt-enabled\" title=\"Bundesanstalt f\u00fcr Finanzdienstleistungsaufsicht\u00a0(BaFin) \u2013 \u00f6ffnet in neuem Fenster\" href=\"https:\/\/www.bafin.de\/\" target=\"_blank\" rel=\"noopener\">Bundesanstalt f\u00fcr Finanzdienstleistungsaufsicht\u00a0(BaFin)<\/a>, Graurheindorfer Stra\u00dfe 108, 53117 Bonn, und Marie-Curie-Stra\u00dfe 24-28, 60439 Frankfurt am Main.<\/p>\n<p>Vorsitzender des\u00a0<a title=\"Aufsichtsrat\" href=\"https:\/\/www.db.com\/Aufsichtsrat\">Aufsichtsrats<\/a>\u00a0ist Alexander R. Wynaendts. Dem\u00a0<a title=\"Vorstand der Deutschen Bank\" href=\"https:\/\/www.db.com\/Vorstand\">Vorstand<\/a>\u00a0geh\u00f6ren an:\u00a0Christian Sewing (Vorsitzender), James von Moltke (Stell\u00adver\u00adtre\u00adtender Vorstands\u00advor\u00adsit\u00adzender), Karl von Rohr (Stell\u00adver\u00adtre\u00adtender Vorstands\u00advor\u00adsit\u00adzender),\u00a0Fabrizio Campelli, Bernd Leukert, Alexander von zur M\u00fchlen, Claudio de Sanctis, Rebecca Short, Stefan Simon, Olivier Vigneron.<\/p>\n<p>Der Konzern Deutsche Bank umfasst eine Vielzahl von in- und ausl\u00e4ndischen Gesellschaften, einschlie\u00dflich Banken sowie Wertpapier- und Finanz\u00addienstleistungsunternehmen, die von den jeweils im Sitzland zust\u00e4ndigen Aufsichts\u00adbeh\u00f6rden zum Gesch\u00e4ftsbetrieb zugelassen sind.<\/p>\n<h2>Deutsche Bank AG<\/h2>\n<p>Taunusanlage 12<br \/>60325 FRANKFURT AM MAIN (60262 f\u00fcr Briefe und Postkarten)<br \/>DEUTSCHLAND<\/p>\n<p>Telefon:\u00a0<a class=\"wt-enabled\" title=\"Telefonnummer der Deutsche Bank AG: +49 69 910-00\" href=\"tel:+496991000\">+49 69 910-00<\/a><br \/>Fax: +49 69 910-34 225<br \/>E-Mail:\u00a0<a class=\"wt-enabled\" title=\"E-Mail f\u00fcr Fragen und Informationen zu unseren Produkten, Lob und Tadel oder technische Fragen (\u00f6ffnet in neuem Fenster)\" href=\"mailto:deutsche.bank@db.com\" target=\"_blank\" rel=\"noopener\">deutsche.bank@db.com<\/a><\/p>\n<p>Meldung von\u00a0<a class=\"wt-enabled\" title=\"Aktion\u00e4rsstruktur\" href=\"https:\/\/investor-relations.db.com\/share\/shareholder-structure?language_id=3&amp;kid=ss.inter-ghpde.imprint\">Stimmrechtsmitteilungen f\u00fcr Gro\u00dfaktion\u00e4re<\/a><\/p>\n<p>Die Umsatzsteuer-Identifikationsnummer der Deutsche Bank AG, Frankfurt am Main, (gem\u00e4\u00df Artikel 214 (1) der Richtlinie 2006\/112\/EG der Europ\u00e4ischen Union vom 28. November 2006 \u00fcber das gemeinsame Mehrwertsteuersystem) lautet DE 114 103 379.<\/p>\n<h2>Ombudsmann der privaten Banken<\/h2>\n<p>Die Deutsche Bank AG nimmt am Streitbeilegungsverfahren der Verbraucherschlichtungsstelle \u201e<a class=\"link-disclaimer wt-enabled\" title=\"Ombudsmann der privaten Banken (\u00f6ffnet in neuem Fenster)\" href=\"https:\/\/bankenombudsmann.de\/\" target=\"_blank\" rel=\"noopener\">Ombudsmann der privaten Banken<\/a>\u201c teil.<br \/>Kontakt: Bundesverband deutscher Banken e. V., Postfach 04 03 07, 10062 Berlin, Fax: (030) 1663-3169, E-Mail:\u00a0<a class=\"wt-enabled\" title=\"Ombudsmann des Bundesverbandes deutscher Banken e. V. (\u00f6ffnet in neuem Fenster)\" href=\"mailto:ombudsmann@bdb.de\" target=\"_blank\" rel=\"noopener\">ombudsmann@bdb.de<\/a><\/p>\n<h2>Kundenbeschwerden<\/h2>\n<p>Sie k\u00f6nnen sich mit Ihrer Beschwerde \u00fcber verschiedene Wege an uns wenden:<br \/>Pers\u00f6nlich: Direkt bei Ihrem Berater oder\u00a0<a class=\"wt-enabled\" title=\"Filialsuche und Geldautomatensuche (\u00f6ffnet in neuem Fenster)\" href=\"https:\/\/www.deutsche-bank.de\/filiale\" target=\"_blank\" rel=\"noopener\">bundesweit in allen Filialen der Deutschen Bank<br \/><\/a>Telefonisch: Direkt bei Ihrem Berater oder unter 069 \/ 910-10000<br \/>E-Mail: Schreiben Sie uns an\u00a0<a class=\"wt-enabled\" title=\"deutsche.bank@db.com \u2013 \u00f6ffnet in neuem Fenster\" href=\"mailto:deutsche.bank@db.com\">deutsche.bank@db.com<\/a><br \/>Schriftlich: Senden Sie Briefe bitte an Deutsche Bank, Beschwerdemanagement, 60633 Frankfurt am Main, DEUTSCHLAND<\/p>\n<p>Weitere Informationen zu Feedback und Beschwerden finden sie\u00a0<a class=\"wt-enabled\" title=\"Kontaktseite der Deutschen Bank in Deutschland \u2013 \u00f6ffnet in neuem Fenster\" href=\"https:\/\/www.deutsche-bank.de\/kontakt\" target=\"_blank\" rel=\"noopener\">auf der Kontaktseite.<\/a><\/p>\n<p>Die Europ\u00e4ische Kommission hat unter\u00a0<a class=\"link-disclaimer wt-enabled\" title=\"Europ\u00e4ische Plattform zur Online-Streitbeilegung (\u00f6ffnet in neuem Fenster)\" href=\"https:\/\/ec.europa.eu\/consumers\/odr?lng=DE\" target=\"_blank\" rel=\"noopener\">https:\/\/ec.europa.eu\/consumers\/odr<\/a>\u00a0eine Europ\u00e4ische Online-Streitbeilegungsplattform (OS-Plattform) errichtet. Verbraucher k\u00f6nnen die OS-Plattform f\u00fcr die au\u00dfergerichtliche Beilegung von Streitigkeiten aus Online-Vertr\u00e4gen mit in der EU niedergelassenen Unternehmen nutzen.<\/p>\n<h2>Versicherungsdienstleistungen<\/h2>\n<p>Die Deutsche Bank AG ist im Vermittlerregister als Versicherungsvertreter und Mitglied der Industrie- und Handelskammer Frankfurt am Main mit einer Erlaubnis nach \u00a7 34d Abs. 1 Gewerbeordnung (GewO) eingetragen (Versicherungsvermittlerregister-Nr.: D-H0AV-L0HOD-14). Information gem\u00e4\u00df \u00a7 11 der Versicherungsvermittlungsverordnung (VersVermV).<\/p>\n<h3>Zust\u00e4ndige Erlaubnisbeh\u00f6rde (bei Versicherungsvermittlung):<\/h3>\n<p>Industrie- und Handelskammer Frankfurt am Main<br \/>B\u00f6rsenplatz 4<br \/>60313 Frankfurt am Main<br \/>Telefon: +49 69-21 97-0<br \/>E-Mail:\u00a0<a class=\"wt-enabled\" title=\"E-Mail der Industrie- und Handelskammer Frankfurt am Main (\u00f6ffnet in neuem Fenster)\" href=\"mailto:info@frankfurt-main.ihk.de\" target=\"_blank\" rel=\"noopener\">info@frankfurt-main.ihk.de<\/a><\/p>\n<p>Die Eintragung im Vermittlerregister kann wie folgt \u00fcberpr\u00fcft werden:<br \/>Deutscher Industrie- und Handelskammertag (DIHK) e. V.<br \/>Breite Stra\u00dfe 29<br \/>10178 Berlin<br \/><a class=\"link-disclaimer wt-enabled\" title=\"Gemeinsame Registerstelle des Deutschen Industrie- und Handelskammertag e.V. (DIHK) gem\u00e4\u00df \u00a7 11a Absatz 1 und \u00a7 34 Gewerbeordnung (\u00f6ffnet in neuem Fenster)\" href=\"https:\/\/www.vermittlerregister.info\/\" target=\"_blank\" rel=\"noopener\">www.vermittlerregister.info<\/a><\/p>\n<h3>Au\u00dfergerichtliche Schlichtungsstellen:<\/h3>\n<p>F\u00fcr die Beilegung von Streitigkeiten aus der Versicherungsvermittlung k\u00f6nnen Sie sich an folgende au\u00dfergerichtliche Schlichtungsstellen wenden:<br \/>Versicherungsombudsmann e. V.<br \/>Postfach 08 06 32<br \/>10006 Berlin<br \/><a class=\"link-disclaimer wt-enabled\" title=\"Versicherungsombudsmann e. V. \u2013 Ombudsmann f\u00fcr Versicherungen \u2013 \u00f6ffnet in neuem Fenster\" href=\"https:\/\/www.versicherungsombudsmann.de\/\" target=\"_blank\" rel=\"noopener\">www.versicherungsombudsmann.de<\/a><\/p>\n<p>Ombudsmann Private Kranken- und Pflegeversicherung<br \/>Postfach 06 02 22<br \/>10052 Berlin<br \/><a class=\"wt-enabled\" title=\"Streitschlichter f\u00fcr die Private Kranken- und Pflegeversicherung (\u00f6ffnet in neuem Fenster)\" href=\"https:\/\/www.pkv-ombudsmann.de\/\" target=\"_blank\" rel=\"noopener\">www.pkv-ombudsmann.de<\/a><\/p>\n<h2>Verantwortlich f\u00fcr den Inhalt nach \u00a7 18 Absatz 2 Medienstaatsvertrag<\/h2>\n<p>Ralf Drescher, Taunusanlage 12, 60325 Frankfurt am Main, Deutschland<\/p>\n<\/div>\n<\/div>\n<\/div>\n<\/div>\n<\/section>\n<\/section>\n<p>[\/et_pb_text][\/et_pb_column][\/et_pb_row][\/et_pb_section]<\/p>\n","protected":false},"excerpt":{"rendered":"<p>Impressum \u00a0 Die Deutsche Bank AG ist eine Aktiengesellschaft deutschen Rechts mit Hauptsitz in Frankfurt am Main. Sie ist im Handelsregister des Amtsgerichts Frankfurt am Main unter der Nummer HRB 30 000 eingetragen und zur Erbringung von Bankgesch\u00e4ften und Finanzdienstleistungen zugelassen. Aufsichtsbeh\u00f6rden:\u00a0Europ\u00e4ische Zentralbank\u00a0(EZB), Sonnemannstra\u00dfe 22, 60314 Frankfurt am Main und\u00a0Bundesanstalt f\u00fcr Finanzdienstleistungsaufsicht\u00a0(BaFin), Graurheindorfer Stra\u00dfe 108, [&hellip;]<\/p>\n","protected":false},"author":1,"featured_media":0,"parent":0,"menu_order":0,"comment_status":"closed","ping_status":"closed","template":"","meta":{"_et_pb_use_builder":"on","_et_pb_old_content":"","_et_gb_content_width":"","inline_featured_image":false,"footnotes":""},"class_list":["post-1531","page","type-page","status-publish","hentry"],"yoast_head":"<!-- This site is optimized with the Yoast SEO plugin v27.6 - https:\/\/yoast.com\/product\/yoast-seo-wordpress\/ -->\n<title>Imprint - Deutsche Bank - dbMove<\/title>\n<meta name=\"robots\" content=\"noindex, follow\" \/>\n<meta property=\"og:locale\" content=\"en_US\" \/>\n<meta property=\"og:type\" content=\"article\" \/>\n<meta property=\"og:title\" content=\"Imprint - Deutsche Bank - dbMove\" \/>\n<meta property=\"og:description\" content=\"Impressum \u00a0 Die Deutsche Bank AG ist eine Aktiengesellschaft deutschen Rechts mit Hauptsitz in Frankfurt am Main. Sie ist im Handelsregister des Amtsgerichts Frankfurt am Main unter der Nummer HRB 30 000 eingetragen und zur Erbringung von Bankgesch\u00e4ften und Finanzdienstleistungen zugelassen. Aufsichtsbeh\u00f6rden:\u00a0Europ\u00e4ische Zentralbank\u00a0(EZB), Sonnemannstra\u00dfe 22, 60314 Frankfurt am Main und\u00a0Bundesanstalt f\u00fcr Finanzdienstleistungsaufsicht\u00a0(BaFin), Graurheindorfer Stra\u00dfe 108, [&hellip;]\" \/>\n<meta property=\"og:url\" content=\"https:\/\/dbmove.platform.db.com\/login\/imprint\/\" \/>\n<meta property=\"og:site_name\" content=\"Deutsche Bank - dbMove\" \/>\n<meta property=\"article:modified_time\" content=\"2024-06-14T02:09:57+00:00\" \/>\n<meta name=\"twitter:card\" content=\"summary_large_image\" \/>\n<meta name=\"twitter:label1\" content=\"Est. reading time\" \/>\n\t<meta name=\"twitter:data1\" content=\"3 minutes\" \/>\n<script type=\"application\/ld+json\" class=\"yoast-schema-graph\">{\"@context\":\"https:\\\/\\\/schema.org\",\"@graph\":[{\"@type\":\"WebPage\",\"@id\":\"https:\\\/\\\/dbmove.platform.db.com\\\/login\\\/imprint\\\/\",\"url\":\"https:\\\/\\\/dbmove.platform.db.com\\\/login\\\/imprint\\\/\",\"name\":\"Imprint - Deutsche Bank - dbMove\",\"isPartOf\":{\"@id\":\"https:\\\/\\\/dbmove.platform.db.com\\\/login\\\/#website\"},\"datePublished\":\"2022-09-21T10:41:33+00:00\",\"dateModified\":\"2024-06-14T02:09:57+00:00\",\"breadcrumb\":{\"@id\":\"https:\\\/\\\/dbmove.platform.db.com\\\/login\\\/imprint\\\/#breadcrumb\"},\"inLanguage\":\"en-US\",\"potentialAction\":[{\"@type\":\"ReadAction\",\"target\":[\"https:\\\/\\\/dbmove.platform.db.com\\\/login\\\/imprint\\\/\"]}]},{\"@type\":\"BreadcrumbList\",\"@id\":\"https:\\\/\\\/dbmove.platform.db.com\\\/login\\\/imprint\\\/#breadcrumb\",\"itemListElement\":[{\"@type\":\"ListItem\",\"position\":1,\"name\":\"Home\",\"item\":\"https:\\\/\\\/dbmove.platform.db.com\\\/login\\\/\"},{\"@type\":\"ListItem\",\"position\":2,\"name\":\"Imprint\"}]},{\"@type\":\"WebSite\",\"@id\":\"https:\\\/\\\/dbmove.platform.db.com\\\/login\\\/#website\",\"url\":\"https:\\\/\\\/dbmove.platform.db.com\\\/login\\\/\",\"name\":\"Deutsche Bank - dbMove\",\"description\":\"\",\"potentialAction\":[{\"@type\":\"SearchAction\",\"target\":{\"@type\":\"EntryPoint\",\"urlTemplate\":\"https:\\\/\\\/dbmove.platform.db.com\\\/login\\\/?s={search_term_string}\"},\"query-input\":{\"@type\":\"PropertyValueSpecification\",\"valueRequired\":true,\"valueName\":\"search_term_string\"}}],\"inLanguage\":\"en-US\"}]}<\/script>\n<!-- \/ Yoast SEO plugin. -->","yoast_head_json":{"title":"Imprint - Deutsche Bank - dbMove","robots":{"index":"noindex","follow":"follow"},"og_locale":"en_US","og_type":"article","og_title":"Imprint - Deutsche Bank - dbMove","og_description":"Impressum \u00a0 Die Deutsche Bank AG ist eine Aktiengesellschaft deutschen Rechts mit Hauptsitz in Frankfurt am Main. Sie ist im Handelsregister des Amtsgerichts Frankfurt am Main unter der Nummer HRB 30 000 eingetragen und zur Erbringung von Bankgesch\u00e4ften und Finanzdienstleistungen zugelassen. Aufsichtsbeh\u00f6rden:\u00a0Europ\u00e4ische Zentralbank\u00a0(EZB), Sonnemannstra\u00dfe 22, 60314 Frankfurt am Main und\u00a0Bundesanstalt f\u00fcr Finanzdienstleistungsaufsicht\u00a0(BaFin), Graurheindorfer Stra\u00dfe 108, [&hellip;]","og_url":"https:\/\/dbmove.platform.db.com\/login\/imprint\/","og_site_name":"Deutsche Bank - dbMove","article_modified_time":"2024-06-14T02:09:57+00:00","twitter_card":"summary_large_image","twitter_misc":{"Est. reading time":"3 minutes"},"schema":{"@context":"https:\/\/schema.org","@graph":[{"@type":"WebPage","@id":"https:\/\/dbmove.platform.db.com\/login\/imprint\/","url":"https:\/\/dbmove.platform.db.com\/login\/imprint\/","name":"Imprint - Deutsche Bank - dbMove","isPartOf":{"@id":"https:\/\/dbmove.platform.db.com\/login\/#website"},"datePublished":"2022-09-21T10:41:33+00:00","dateModified":"2024-06-14T02:09:57+00:00","breadcrumb":{"@id":"https:\/\/dbmove.platform.db.com\/login\/imprint\/#breadcrumb"},"inLanguage":"en-US","potentialAction":[{"@type":"ReadAction","target":["https:\/\/dbmove.platform.db.com\/login\/imprint\/"]}]},{"@type":"BreadcrumbList","@id":"https:\/\/dbmove.platform.db.com\/login\/imprint\/#breadcrumb","itemListElement":[{"@type":"ListItem","position":1,"name":"Home","item":"https:\/\/dbmove.platform.db.com\/login\/"},{"@type":"ListItem","position":2,"name":"Imprint"}]},{"@type":"WebSite","@id":"https:\/\/dbmove.platform.db.com\/login\/#website","url":"https:\/\/dbmove.platform.db.com\/login\/","name":"Deutsche Bank - dbMove","description":"","potentialAction":[{"@type":"SearchAction","target":{"@type":"EntryPoint","urlTemplate":"https:\/\/dbmove.platform.db.com\/login\/?s={search_term_string}"},"query-input":{"@type":"PropertyValueSpecification","valueRequired":true,"valueName":"search_term_string"}}],"inLanguage":"en-US"}]}},"_links":{"self":[{"href":"https:\/\/dbmove.platform.db.com\/login\/wp-json\/wp\/v2\/pages\/1531","targetHints":{"allow":["GET"]}}],"collection":[{"href":"https:\/\/dbmove.platform.db.com\/login\/wp-json\/wp\/v2\/pages"}],"about":[{"href":"https:\/\/dbmove.platform.db.com\/login\/wp-json\/wp\/v2\/types\/page"}],"author":[{"embeddable":true,"href":"https:\/\/dbmove.platform.db.com\/login\/wp-json\/wp\/v2\/users\/1"}],"replies":[{"embeddable":true,"href":"https:\/\/dbmove.platform.db.com\/login\/wp-json\/wp\/v2\/comments?post=1531"}],"version-history":[{"count":4,"href":"https:\/\/dbmove.platform.db.com\/login\/wp-json\/wp\/v2\/pages\/1531\/revisions"}],"predecessor-version":[{"id":1702,"href":"https:\/\/dbmove.platform.db.com\/login\/wp-json\/wp\/v2\/pages\/1531\/revisions\/1702"}],"wp:attachment":[{"href":"https:\/\/dbmove.platform.db.com\/login\/wp-json\/wp\/v2\/media?parent=1531"}],"curies":[{"name":"wp","href":"https:\/\/api.w.org\/{rel}","templated":true}]}}